{"id":6871,"date":"2020-09-04T10:32:39","date_gmt":"2020-09-04T10:32:39","guid":{"rendered":"http:\/\/demo-import.loc\/?page_id=6871"},"modified":"2023-11-29T13:49:22","modified_gmt":"2023-11-29T13:49:22","slug":"careers","status":"publish","type":"page","link":"https:\/\/gdc-sense.com\/?page_id=6871","title":{"rendered":"Nos offres d&#8217;emploi"},"content":{"rendered":"\t\t<div data-elementor-type=\"wp-page\" data-elementor-id=\"6871\" class=\"elementor elementor-6871\">\n\t\t\t\t\t\t<section class=\"elementor-section elementor-top-section elementor-element elementor-element-32c098f elementor-section-stretched elementor-section-boxed elementor-section-height-default elementor-section-height-default\" data-id=\"32c098f\" data-element_type=\"section\" data-e-type=\"section\" data-settings=\"{&quot;background_background&quot;:&quot;classic&quot;,&quot;stretch_section&quot;:&quot;section-stretched&quot;}\">\n\t\t\t\t\t\t<div class=\"elementor-container elementor-column-gap-default\">\n\t\t\t\t\t<div class=\"elementor-column elementor-col-100 elementor-top-column elementor-element elementor-element-bbbfcba\" data-id=\"bbbfcba\" data-element_type=\"column\" data-e-type=\"column\">\n\t\t\t<div class=\"elementor-widget-wrap elementor-element-populated\">\n\t\t\t\t\t\t<div class=\"elementor-element elementor-element-7b8fede elementor-widget elementor-widget-vc_custom_heading\" data-id=\"7b8fede\" data-element_type=\"widget\" data-e-type=\"widget\" data-widget_type=\"vc_custom_heading.default\">\n\t\t\t\t<div class=\"elementor-widget-container\">\n\t\t\t\t\t<div class=\" vc_custom_heading  consulting_heading_font  text_align_left has_subtitle title_no_stripe\" ><h1 style=\"color: #FFFFFF;text-align: left\" class=\"consulting-custom-title\">Rejoignez-nous \n<span class=\"subtitle\" style=\"color:#FFFBFB\">Une \u00e9quipe dynamique experte  de l'innovation des syst\u00e8mes d'information d\u00e9cisionnelle et d'aide strat\u00e9gique.    <\/span><\/h1><\/div>\t\t\t\t<\/div>\n\t\t\t\t<\/div>\n\t\t\t\t\t<\/div>\n\t\t<\/div>\n\t\t\t\t\t<\/div>\n\t\t<\/section>\n\t\t\t\t<section class=\"elementor-section elementor-top-section elementor-element elementor-element-9788d54 elementor-section-boxed elementor-section-height-default elementor-section-height-default\" data-id=\"9788d54\" data-element_type=\"section\" data-e-type=\"section\">\n\t\t\t\t\t\t<div class=\"elementor-container elementor-column-gap-default\">\n\t\t\t\t\t<div class=\"elementor-column elementor-col-100 elementor-top-column elementor-element elementor-element-978956c\" data-id=\"978956c\" data-element_type=\"column\" data-e-type=\"column\">\n\t\t\t<div class=\"elementor-widget-wrap elementor-element-populated\">\n\t\t\t\t\t\t<div class=\"elementor-element elementor-element-9789bc5 elementor-widget elementor-widget-stm_vacancies\" data-id=\"9789bc5\" data-element_type=\"widget\" data-e-type=\"widget\" data-widget_type=\"stm_vacancies.default\">\n\t\t\t\t<div class=\"elementor-widget-container\">\n\t\t\t\t\t        <div class=\"row stm_vacancies consulting_elementor_vacancies style_3\">\n                <div class=\"col-md-12\">\n            <h2 class=\"stm_vacancies__title\">Rejoignez une \u00e9quipe dynamique en pleine croissance.<\/h2>\n        <\/div>\n                <ul class=\"stm_vacancies__filter\">\n            <li><a href=\"#\" data-filter=\"*\" class=\"active\">Tout<\/a><\/li>\n                        <li>\n                <a href=\"#\" data-filter=\".tech-services\">TECH &amp; SERVICES<\/a>\n            <\/li>\n                        <li>\n                <a href=\"#\" data-filter=\".sales\">SALES<\/a>\n            <\/li>\n                        <li>\n                <a href=\"#\" data-filter=\".data-ia\">DATA &amp; IA<\/a>\n            <\/li>\n                        <li>\n                <a href=\"#\" data-filter=\".direction-generale\">DIRECTION GENERALE<\/a>\n            <\/li>\n                    <\/ul>\n        <ul class=\"stm_vacancies__grid\">\n                            <li class=\"stm_vacancies__grid-item all tech-services\">\n                    <div class=\"stm_vacancies__inner\">\n                        <a href=\"https:\/\/gdc-sense.com\/?stm_careers=stage-developpeur-full-stack-h-f\" class=\"title\">\n                            <h5>Stage -D\u00e9veloppeur Full Stack (H\/F)<\/h5>\n                        <\/a>\n                        <div class=\"location info\">Lom\u00e9 -Togo<\/div>\n                        <div class=\"department info\">TECH &amp; SERVICES<\/div>\n                        <div class=\"read-more\">\n                            <a href=\"https:\/\/gdc-sense.com\/?stm_careers=stage-developpeur-full-stack-h-f\" class=\"third_font_color\">\n                                Lire plus                                <i class=\"stm-lnr-arrow-right\"><\/i>\n                            <\/a>\n                            <span class=\"date\">\n                                08\/26\/2024                            <\/span>\n                        <\/div>\n                    <\/div>\n                <\/li>\n                            <li class=\"stm_vacancies__grid-item all tech-services\">\n                    <div class=\"stm_vacancies__inner\">\n                        <a href=\"https:\/\/gdc-sense.com\/?stm_careers=developpeur-mobile-h-f\" class=\"title\">\n                            <h5>D\u00e9veloppeur Mobile (H\/F)<\/h5>\n                        <\/a>\n                        <div class=\"location info\">Lom\u00e9 -Togo<\/div>\n                        <div class=\"department info\">TECH &amp; SERVICES<\/div>\n                        <div class=\"read-more\">\n                            <a href=\"https:\/\/gdc-sense.com\/?stm_careers=developpeur-mobile-h-f\" class=\"third_font_color\">\n                                Lire plus                                <i class=\"stm-lnr-arrow-right\"><\/i>\n                            <\/a>\n                            <span class=\"date\">\n                                08\/26\/2024                            <\/span>\n                        <\/div>\n                    <\/div>\n                <\/li>\n                            <li class=\"stm_vacancies__grid-item all sales\">\n                    <div class=\"stm_vacancies__inner\">\n                        <a href=\"https:\/\/gdc-sense.com\/?stm_careers=chargee-daffaires-junior\" class=\"title\">\n                            <h5>Charg\u00e9(e) d&#8217;Affaires Junior<\/h5>\n                        <\/a>\n                        <div class=\"location info\">Lom\u00e9 -Togo<\/div>\n                        <div class=\"department info\">SALES<\/div>\n                        <div class=\"read-more\">\n                            <a href=\"https:\/\/gdc-sense.com\/?stm_careers=chargee-daffaires-junior\" class=\"third_font_color\">\n                                Lire plus                                <i class=\"stm-lnr-arrow-right\"><\/i>\n                            <\/a>\n                            <span class=\"date\">\n                                08\/26\/2024                            <\/span>\n                        <\/div>\n                    <\/div>\n                <\/li>\n                            <li class=\"stm_vacancies__grid-item all tech-services\">\n                    <div class=\"stm_vacancies__inner\">\n                        <a href=\"https:\/\/gdc-sense.com\/?stm_careers=consultant-devops-cloud-junior\" class=\"title\">\n                            <h5>Consultant DevOps Cloud Junior<\/h5>\n                        <\/a>\n                        <div class=\"location info\">Lom\u00e9 -Togo<\/div>\n                        <div class=\"department info\">TECH &amp; SERVICES<\/div>\n                        <div class=\"read-more\">\n                            <a href=\"https:\/\/gdc-sense.com\/?stm_careers=consultant-devops-cloud-junior\" class=\"third_font_color\">\n                                Lire plus                                <i class=\"stm-lnr-arrow-right\"><\/i>\n                            <\/a>\n                            <span class=\"date\">\n                                11\/28\/2023                            <\/span>\n                        <\/div>\n                    <\/div>\n                <\/li>\n                            <li class=\"stm_vacancies__grid-item all data-ia\">\n                    <div class=\"stm_vacancies__inner\">\n                        <a href=\"https:\/\/gdc-sense.com\/?stm_careers=consultant-data-analyst-junior\" class=\"title\">\n                            <h5>Consultant Data Analyst Junior<\/h5>\n                        <\/a>\n                        <div class=\"location info\">Lom\u00e9 -Togo<\/div>\n                        <div class=\"department info\">DATA &amp; IA<\/div>\n                        <div class=\"read-more\">\n                            <a href=\"https:\/\/gdc-sense.com\/?stm_careers=consultant-data-analyst-junior\" class=\"third_font_color\">\n                                Lire plus                                <i class=\"stm-lnr-arrow-right\"><\/i>\n                            <\/a>\n                            <span class=\"date\">\n                                11\/28\/2023                            <\/span>\n                        <\/div>\n                    <\/div>\n                <\/li>\n                            <li class=\"stm_vacancies__grid-item all data-ia\">\n                    <div class=\"stm_vacancies__inner\">\n                        <a href=\"https:\/\/gdc-sense.com\/?stm_careers=data-scientist-confirmee\" class=\"title\">\n                            <h5>Data Scientist Confirm\u00e9(e)<\/h5>\n                        <\/a>\n                        <div class=\"location info\">Lom\u00e9 -Togo<\/div>\n                        <div class=\"department info\">DATA &amp; IA<\/div>\n                        <div class=\"read-more\">\n                            <a href=\"https:\/\/gdc-sense.com\/?stm_careers=data-scientist-confirmee\" class=\"third_font_color\">\n                                Lire plus                                <i class=\"stm-lnr-arrow-right\"><\/i>\n                            <\/a>\n                            <span class=\"date\">\n                                11\/28\/2023                            <\/span>\n                        <\/div>\n                    <\/div>\n                <\/li>\n                            <li class=\"stm_vacancies__grid-item all direction-generale\">\n                    <div class=\"stm_vacancies__inner\">\n                        <a href=\"https:\/\/gdc-sense.com\/?stm_careers=assistante-de-direction\" class=\"title\">\n                            <h5>Assistant(e) de Direction<\/h5>\n                        <\/a>\n                        <div class=\"location info\">Lom\u00e9 -Togo<\/div>\n                        <div class=\"department info\">DIRECTION GENERALE<\/div>\n                        <div class=\"read-more\">\n                            <a href=\"https:\/\/gdc-sense.com\/?stm_careers=assistante-de-direction\" class=\"third_font_color\">\n                                Lire plus                                <i class=\"stm-lnr-arrow-right\"><\/i>\n                            <\/a>\n                            <span class=\"date\">\n                                11\/28\/2023                            <\/span>\n                        <\/div>\n                    <\/div>\n                <\/li>\n                            <li class=\"stm_vacancies__grid-item all sales\">\n                    <div class=\"stm_vacancies__inner\">\n                        <a href=\"https:\/\/gdc-sense.com\/?stm_careers=ingenieur-daffaires\" class=\"title\">\n                            <h5>Charg\u00e9(e) d&#8217;Affaires Junior<\/h5>\n                        <\/a>\n                        <div class=\"location info\">Lom\u00e9 -Togo<\/div>\n                        <div class=\"department info\">SALES<\/div>\n                        <div class=\"read-more\">\n                            <a href=\"https:\/\/gdc-sense.com\/?stm_careers=ingenieur-daffaires\" class=\"third_font_color\">\n                                Lire plus                                <i class=\"stm-lnr-arrow-right\"><\/i>\n                            <\/a>\n                            <span class=\"date\">\n                                11\/28\/2023                            <\/span>\n                        <\/div>\n                    <\/div>\n                <\/li>\n                            <li class=\"stm_vacancies__grid-item all tech-services\">\n                    <div class=\"stm_vacancies__inner\">\n                        <a href=\"https:\/\/gdc-sense.com\/?stm_careers=developpeur-full-stack-h-f\" class=\"title\">\n                            <h5>D\u00e9veloppeur Full Stack (H\/F)<\/h5>\n                        <\/a>\n                        <div class=\"location info\">Lom\u00e9 -Togo<\/div>\n                        <div class=\"department info\">TECH &amp; SERVICES<\/div>\n                        <div class=\"read-more\">\n                            <a href=\"https:\/\/gdc-sense.com\/?stm_careers=developpeur-full-stack-h-f\" class=\"third_font_color\">\n                                Lire plus                                <i class=\"stm-lnr-arrow-right\"><\/i>\n                            <\/a>\n                            <span class=\"date\">\n                                11\/28\/2023                            <\/span>\n                        <\/div>\n                    <\/div>\n                <\/li>\n                    <\/ul>\n    <\/div>\n    <script type=\"text\/javascript\">\n    window.onload = function() {\n        var grid_wrapper = document.querySelector('.stm_vacancies.style_3');\n        if (grid_wrapper !== null) {\n            var grid = grid_wrapper.querySelector('.stm_vacancies__grid');\n            var grid_filter = grid_wrapper.querySelector('.stm_vacancies__filter');\n            var iso = new Isotope('.stm_vacancies.style_3 .stm_vacancies__grid', {\n                itemSelector: '.stm_vacancies__grid-item',\n            });\n\n            grid_filter.addEventListener('click', function(e) {\n                e.preventDefault();\n                if (!matchesSelector(e.target, 'a')) return;\n\n                grid_filter.querySelectorAll('a').forEach( btn => {\n                    btn.classList.remove('active');\n                } )\n                \n                e.target.classList.add('active');\n                var filter = e.target.getAttribute( 'data-filter' );\n                iso.arrange({ filter: filter });\n            });\n        }\n    }\n    <\/script>\n\t\t\t\t<\/div>\n\t\t\t\t<\/div>\n\t\t\t\t\t<\/div>\n\t\t<\/div>\n\t\t\t\t\t<\/div>\n\t\t<\/section>\n\t\t\t\t<section class=\"elementor-section elementor-top-section elementor-element elementor-element-48814d8 elementor-section-boxed elementor-section-height-default elementor-section-height-default\" data-id=\"48814d8\" data-element_type=\"section\" data-e-type=\"section\" data-settings=\"{&quot;background_background&quot;:&quot;classic&quot;}\">\n\t\t\t\t\t\t<div class=\"elementor-container elementor-column-gap-default\">\n\t\t\t\t\t<div class=\"elementor-column elementor-col-100 elementor-top-column elementor-element elementor-element-13064d2\" data-id=\"13064d2\" data-element_type=\"column\" data-e-type=\"column\">\n\t\t\t<div class=\"elementor-widget-wrap elementor-element-populated\">\n\t\t\t\t\t\t<div class=\"elementor-element elementor-element-aa68062 elementor-widget elementor-widget-vc_custom_heading\" data-id=\"aa68062\" data-element_type=\"widget\" data-e-type=\"widget\" data-widget_type=\"vc_custom_heading.default\">\n\t\t\t\t<div class=\"elementor-widget-container\">\n\t\t\t\t\t<div class=\" vc_custom_heading  consulting_heading_font  text_align_center\" ><h2 style=\"text-align: center\" class=\"consulting-custom-title\">D\u00e9couvrez nos  m\u00e9tiers\n<\/h2><\/div>\t\t\t\t<\/div>\n\t\t\t\t<\/div>\n\t\t\t\t<div class=\"elementor-element elementor-element-004bbc6 elementor-widget elementor-widget-stm_services\" data-id=\"004bbc6\" data-element_type=\"widget\" data-e-type=\"widget\" data-widget_type=\"stm_services.default\">\n\t\t\t\t<div class=\"elementor-widget-container\">\n\t\t\t\t\t\n    <div class=\"stm_services consulting_elementor_services style_4 cols_3\">\n                    <div class=\"item\">\n                <div class=\"item_wr\">\n                                                                    <div class=\"item_thumbnail\">\n                            <a href=\"https:\/\/gdc-sense.com\/?stm_service=advanced-app\">\n                                <img src='https:\/\/gdc-sense.com\/wp-content\/uploads\/elementor\/thumbs\/TMA-q9ejrf3oxzripmu54vh3xvprikjqarfbnr9m45gons.png' alt='' \/>                                <div class=\"item_info\">\n                                    <h5>Advanced Application Developpement<\/h5>\n                                    <span><i class=\"stm-lnr-arrow-right before-text\"><\/i>Lire plus <i class=\"stm-lnr-arrow-right\"><\/i><\/span>\n                                <\/div>\n                            <\/a>\n                        <\/div>\n                                    <\/div>\n            <\/div>\n                    <div class=\"item\">\n                <div class=\"item_wr\">\n                                                                    <div class=\"item_thumbnail\">\n                            <a href=\"https:\/\/gdc-sense.com\/?stm_service=tma\">\n                                <img src='https:\/\/gdc-sense.com\/wp-content\/uploads\/elementor\/thumbs\/TMA-2-q9eidbbemx69txm8pps1j0w7k5iczlif3rcu65r6c8.png' alt='' \/>                                <div class=\"item_info\">\n                                    <h5>Tierce Maintenance Applicative (TMA)<\/h5>\n                                    <span><i class=\"stm-lnr-arrow-right before-text\"><\/i>Lire plus <i class=\"stm-lnr-arrow-right\"><\/i><\/span>\n                                <\/div>\n                            <\/a>\n                        <\/div>\n                                    <\/div>\n            <\/div>\n                    <div class=\"item\">\n                <div class=\"item_wr\">\n                                                                    <div class=\"item_thumbnail\">\n                            <a href=\"https:\/\/gdc-sense.com\/?stm_service=dsi-as-a-service\">\n                                <img src='https:\/\/gdc-sense.com\/wp-content\/uploads\/elementor\/thumbs\/home-gdc-4-q975tr946y54c946lltf4reqizwtrundeizu0sff14.png' alt='' \/>                                <div class=\"item_info\">\n                                    <h5>DSI Externalis\u00e9e<\/h5>\n                                    <span><i class=\"stm-lnr-arrow-right before-text\"><\/i>Lire plus <i class=\"stm-lnr-arrow-right\"><\/i><\/span>\n                                <\/div>\n                            <\/a>\n                        <\/div>\n                                    <\/div>\n            <\/div>\n                    <div class=\"item\">\n                <div class=\"item_wr\">\n                                                                    <div class=\"item_thumbnail\">\n                            <a href=\"https:\/\/gdc-sense.com\/?stm_service=modernisation-erp-crm\">\n                                <img src='https:\/\/gdc-sense.com\/wp-content\/uploads\/elementor\/thumbs\/ERP-q9ebqyerkcvnppuhk6muqo98lmck2q8tbzt835666w.png' alt='' \/>                                <div class=\"item_info\">\n                                    <h5>Modernisation ERP\/CRM<\/h5>\n                                    <span><i class=\"stm-lnr-arrow-right before-text\"><\/i>Lire plus <i class=\"stm-lnr-arrow-right\"><\/i><\/span>\n                                <\/div>\n                            <\/a>\n                        <\/div>\n                                    <\/div>\n            <\/div>\n                    <div class=\"item\">\n                <div class=\"item_wr\">\n                                                                    <div class=\"item_thumbnail\">\n                            <a href=\"https:\/\/gdc-sense.com\/?stm_service=strategie-migration-cloud\">\n                                <img src='https:\/\/gdc-sense.com\/wp-content\/uploads\/elementor\/thumbs\/CLOUD-01-q9ju3rhhde3ucrfb9c5nh7rr1s7t03r83plmr7fahk.png' alt='' \/>                                <div class=\"item_info\">\n                                    <h5>Strat\u00e9gie Migration Cloud<\/h5>\n                                    <span><i class=\"stm-lnr-arrow-right before-text\"><\/i>Lire plus <i class=\"stm-lnr-arrow-right\"><\/i><\/span>\n                                <\/div>\n                            <\/a>\n                        <\/div>\n                                    <\/div>\n            <\/div>\n                    <div class=\"item\">\n                <div class=\"item_wr\">\n                                                                    <div class=\"item_thumbnail\">\n                            <a href=\"https:\/\/gdc-sense.com\/?stm_service=conduite-du-changement\">\n                                <img src='https:\/\/gdc-sense.com\/wp-content\/uploads\/elementor\/thumbs\/change-q9ekjbx5vvz1gsal5ftahc5ijgz3v78dtwno4y2tw8.png' alt='' \/>                                <div class=\"item_info\">\n                                    <h5>Conduite du changement<\/h5>\n                                    <span><i class=\"stm-lnr-arrow-right before-text\"><\/i>Lire plus <i class=\"stm-lnr-arrow-right\"><\/i><\/span>\n                                <\/div>\n                            <\/a>\n                        <\/div>\n                                    <\/div>\n            <\/div>\n                    <div class=\"item\">\n                <div class=\"item_wr\">\n                                                                    <div class=\"item_thumbnail\">\n                            <a href=\"https:\/\/gdc-sense.com\/?stm_service=strategie-it\">\n                                <img src='https:\/\/gdc-sense.com\/wp-content\/uploads\/elementor\/thumbs\/data-ing-q9ge2opcf9r3ct766a7e2yngv80ikrpivmp7mbu7rs.png' alt='' \/>                                <div class=\"item_info\">\n                                    <h5>Strat\u00e9gie IT<\/h5>\n                                    <span><i class=\"stm-lnr-arrow-right before-text\"><\/i>Lire plus <i class=\"stm-lnr-arrow-right\"><\/i><\/span>\n                                <\/div>\n                            <\/a>\n                        <\/div>\n                                    <\/div>\n            <\/div>\n                    <div class=\"item\">\n                <div class=\"item_wr\">\n                                                                    <div class=\"item_thumbnail\">\n                            <a href=\"https:\/\/gdc-sense.com\/?stm_service=business-intelligence\">\n                                <img src='https:\/\/gdc-sense.com\/wp-content\/uploads\/elementor\/thumbs\/BI-002-q9ju4pbo7fe5yq25rqs7yz8cfnl0p7hk8d3416149k.png' alt='' \/>                                <div class=\"item_info\">\n                                    <h5>Business Intelligence<\/h5>\n                                    <span><i class=\"stm-lnr-arrow-right before-text\"><\/i>Lire plus <i class=\"stm-lnr-arrow-right\"><\/i><\/span>\n                                <\/div>\n                            <\/a>\n                        <\/div>\n                                    <\/div>\n            <\/div>\n                    <div class=\"item\">\n                <div class=\"item_wr\">\n                                                                    <div class=\"item_thumbnail\">\n                            <a href=\"https:\/\/gdc-sense.com\/?stm_service=data-science\">\n                                <img src='https:\/\/gdc-sense.com\/wp-content\/uploads\/elementor\/thumbs\/IA-02-q9jv16mwdbuv5mvo3s844s5rezhmoofnd4n51dvd94.png' alt='' \/>                                <div class=\"item_info\">\n                                    <h5>Data Science &#038; ML<\/h5>\n                                    <span><i class=\"stm-lnr-arrow-right before-text\"><\/i>Lire plus <i class=\"stm-lnr-arrow-right\"><\/i><\/span>\n                                <\/div>\n                            <\/a>\n                        <\/div>\n                                    <\/div>\n            <\/div>\n            <\/div>\n\t\t\t\t<\/div>\n\t\t\t\t<\/div>\n\t\t\t\t\t<\/div>\n\t\t<\/div>\n\t\t\t\t\t<\/div>\n\t\t<\/section>\n\t\t\t\t<\/div>\n\t\t","protected":false},"excerpt":{"rendered":"<p>Rejoignez-nous Une \u00e9quipe dynamique experte de l&#8217;innovation des syst\u00e8mes d&#8217;information d\u00e9cisionnelle et d&#8217;aide strat\u00e9gique. Rejoignez une \u00e9quipe dynamique en pleine croissance. Tout TECH &amp; SERVICES DATA &amp; IA DIRECTION GENERALE SALES Consultant DevOps Cloud Junior Lom\u00e9 -Togo TECH &amp; SERVICES Lire plus 11\/28\/2023 Consultant Data Analyst Junior Lom\u00e9 -Togo DATA &amp; IA Lire plus 11\/28\/2023<\/p>\n","protected":false},"author":1,"featured_media":20182,"parent":0,"menu_order":0,"comment_status":"closed","ping_status":"closed","template":"","meta":{"footnotes":""},"class_list":["post-6871","page","type-page","status-publish","has-post-thumbnail","hentry"],"aioseo_notices":[],"_links":{"self":[{"href":"https:\/\/gdc-sense.com\/index.php?rest_route=\/wp\/v2\/pages\/6871","targetHints":{"allow":["GET"]}}],"collection":[{"href":"https:\/\/gdc-sense.com\/index.php?rest_route=\/wp\/v2\/pages"}],"about":[{"href":"https:\/\/gdc-sense.com\/index.php?rest_route=\/wp\/v2\/types\/page"}],"author":[{"embeddable":true,"href":"https:\/\/gdc-sense.com\/index.php?rest_route=\/wp\/v2\/users\/1"}],"replies":[{"embeddable":true,"href":"https:\/\/gdc-sense.com\/index.php?rest_route=%2Fwp%2Fv2%2Fcomments&post=6871"}],"version-history":[{"count":32,"href":"https:\/\/gdc-sense.com\/index.php?rest_route=\/wp\/v2\/pages\/6871\/revisions"}],"predecessor-version":[{"id":21305,"href":"https:\/\/gdc-sense.com\/index.php?rest_route=\/wp\/v2\/pages\/6871\/revisions\/21305"}],"wp:featuredmedia":[{"embeddable":true,"href":"https:\/\/gdc-sense.com\/index.php?rest_route=\/wp\/v2\/media\/20182"}],"wp:attachment":[{"href":"https:\/\/gdc-sense.com\/index.php?rest_route=%2Fwp%2Fv2%2Fmedia&parent=6871"}],"curies":[{"name":"wp","href":"https:\/\/api.w.org\/{rel}","templated":true}]}}