{"id":19256,"date":"2023-02-19T14:18:25","date_gmt":"2023-02-19T14:18:25","guid":{"rendered":"https:\/\/gdc-sense.com\/?page_id=19256"},"modified":"2023-02-19T15:53:03","modified_gmt":"2023-02-19T15:53:03","slug":"politique-de-confidentialite","status":"publish","type":"page","link":"https:\/\/gdc-sense.com\/?page_id=19256","title":{"rendered":"Politique de confidentialit\u00e9"},"content":{"rendered":"\t\t<div data-elementor-type=\"wp-page\" data-elementor-id=\"19256\" class=\"elementor elementor-19256\">\n\t\t\t\t\t\t<section class=\"elementor-section elementor-top-section elementor-element elementor-element-32c098f elementor-section-stretched elementor-section-boxed elementor-section-height-default elementor-section-height-default\" data-id=\"32c098f\" data-element_type=\"section\" data-e-type=\"section\" data-settings=\"{&quot;background_background&quot;:&quot;classic&quot;,&quot;stretch_section&quot;:&quot;section-stretched&quot;}\">\n\t\t\t\t\t\t<div class=\"elementor-container elementor-column-gap-default\">\n\t\t\t\t\t<div class=\"elementor-column elementor-col-100 elementor-top-column elementor-element elementor-element-bbbfcba\" data-id=\"bbbfcba\" data-element_type=\"column\" data-e-type=\"column\">\n\t\t\t<div class=\"elementor-widget-wrap elementor-element-populated\">\n\t\t\t\t\t\t<div class=\"elementor-element elementor-element-7b8fede elementor-widget elementor-widget-vc_custom_heading\" data-id=\"7b8fede\" data-element_type=\"widget\" data-e-type=\"widget\" data-widget_type=\"vc_custom_heading.default\">\n\t\t\t\t<div class=\"elementor-widget-container\">\n\t\t\t\t\t<div class=\" vc_custom_heading  consulting_heading_font  text_align_left\" ><h1 style=\"color: #FFFFFF;text-align: left\" class=\"consulting-custom-title\">Politique de confidentialit\u00e9\n<\/h1><\/div>\t\t\t\t<\/div>\n\t\t\t\t<\/div>\n\t\t\t\t\t<\/div>\n\t\t<\/div>\n\t\t\t\t\t<\/div>\n\t\t<\/section>\n\t\t\t\t<section class=\"elementor-section elementor-top-section elementor-element elementor-element-9788d54 elementor-section-boxed elementor-section-height-default elementor-section-height-default\" data-id=\"9788d54\" data-element_type=\"section\" data-e-type=\"section\">\n\t\t\t\t\t\t<div class=\"elementor-container elementor-column-gap-default\">\n\t\t\t\t\t<div class=\"elementor-column elementor-col-100 elementor-top-column elementor-element elementor-element-978956c\" data-id=\"978956c\" data-element_type=\"column\" data-e-type=\"column\">\n\t\t\t<div class=\"elementor-widget-wrap elementor-element-populated\">\n\t\t\t\t\t\t<div class=\"elementor-element elementor-element-7ce1bff elementor-widget elementor-widget-text-editor\" data-id=\"7ce1bff\" data-element_type=\"widget\" data-e-type=\"widget\" data-widget_type=\"text-editor.default\">\n\t\t\t\t<div class=\"elementor-widget-container\">\n\t\t\t\t\t\t\t\t\t<ol start=\"1\">\n<li><strong>Introduction<\/strong><\/li>\n<\/ol>\n<p>Nous attachons une grande importance \u00e0 la confidentialit\u00e9 et \u00e0 la protection des donn\u00e9es \u00e0 caract\u00e8re personnel de nos utilisateurs. Cette politique de confidentialit\u00e9 explique comment nous collectons, utilisons et prot\u00e9geons les donn\u00e9es \u00e0 caract\u00e8re personnel que nous recueillons lorsque vous utilisez notre site web. Nous respectons les lois applicables en mati\u00e8re de protection des donn\u00e9es, y compris le R\u00e8glement G\u00e9n\u00e9ral sur la Protection des Donn\u00e9es (RGPD).<\/p>\n<ol start=\"2\">\n<li><strong>Collecte des donn\u00e9es \u00e0 caract\u00e8re personnel<\/strong><\/li>\n<\/ol>\n<p>Nous ne collectons que les donn\u00e9es \u00e0 caract\u00e8re personnel n\u00e9cessaires pour fournir nos services et nous n&#8217;utilisons ces donn\u00e9es que pour les finalit\u00e9s pour lesquelles elles ont \u00e9t\u00e9 collect\u00e9es. Nous collectons les donn\u00e9es \u00e0 caract\u00e8re personnel suivantes lorsque vous utilisez notre site web :<\/p>\n<ul>\n<li>Informations d&#8217;identification, telles que votre nom, adresse e-mail, adresse postale et num\u00e9ro de t\u00e9l\u00e9phone, que vous nous fournissez volontairement en remplissant des formulaires de contact ou en nous envoyant des courriers \u00e9lectroniques ;<\/li>\n<li>Informations techniques, telles que les informations de votre navigateur, la dur\u00e9e de votre visite sur notre site web et les pages que vous visitez ;<\/li>\n<li>Informations sur l&#8217;utilisation de notre site web, telles que les cookies et les balises web.<\/li>\n<\/ul>\n<ol start=\"3\">\n<li><strong>Responsable de traitement<\/strong><\/li>\n<\/ol>\n<p>La soci\u00e9t\u00e9 Global Decision Consulting (GDC) SAS \u00a0est le responsable de traitement des donn\u00e9es \u00e0 caract\u00e8re personnel collect\u00e9es et utilis\u00e9es via notre site web. Si vous avez des questions sur la protection de vos donn\u00e9es \u00e0 caract\u00e8re personnel, vous pouvez nous contacter \u00e0 l&#8217;adresse e-mail ou postale indiqu\u00e9e ci-dessous.<\/p>\n<ol start=\"4\">\n<li><strong>Utilisation des donn\u00e9es \u00e0 caract\u00e8re personnel<\/strong><\/li>\n<\/ol>\n<p>Nous utilisons les donn\u00e9es \u00e0 caract\u00e8re personnel collect\u00e9es pour les finalit\u00e9s suivantes :<\/p>\n<ul>\n<li>Pour fournir nos services et r\u00e9pondre \u00e0 vos demandes de renseignements ;<\/li>\n<li>Pour am\u00e9liorer notre site web et nos services ;<\/li>\n<li>Pour envoyer des informations marketing ou des newsletters \u00e0 votre demande ou \u00e0 notre initiative si vous avez donn\u00e9 votre consentement ;<\/li>\n<li>Pour se conformer aux exigences l\u00e9gales ou r\u00e9glementaires applicables.<\/li>\n<\/ul>\n<p>Nous ne conservons pas vos donn\u00e9es \u00e0 caract\u00e8re personnel plus longtemps que n\u00e9cessaire pour atteindre les finalit\u00e9s pour lesquelles elles ont \u00e9t\u00e9 collect\u00e9es.<\/p>\n<ol start=\"5\">\n<li><strong>Partage des donn\u00e9es \u00e0 caract\u00e8re personnel<\/strong><\/li>\n<\/ol>\n<p>Nous ne partageons pas vos donn\u00e9es \u00e0 caract\u00e8re personnel avec des tiers, sauf dans les cas suivants :<\/p>\n<ul>\n<li>Si nous y sommes l\u00e9galement tenus, par exemple pour se conformer \u00e0 une obligation l\u00e9gale ou r\u00e9glementaire ;<\/li>\n<li>Si cela est n\u00e9cessaire pour fournir nos services ou r\u00e9pondre \u00e0 vos demandes de renseignements ;<\/li>\n<li>Si cela est n\u00e9cessaire pour prot\u00e9ger nos droits, notre propri\u00e9t\u00e9 ou notre s\u00e9curit\u00e9, ou pour prot\u00e9ger les droits, la propri\u00e9t\u00e9 ou la s\u00e9curit\u00e9 d&#8217;autrui.<\/li>\n<\/ul>\n<p>Nous avons mis en place des mesures techniques et organisationnelles appropri\u00e9es pour prot\u00e9ger vos donn\u00e9es \u00e0 caract\u00e8re personnel contre tout acc\u00e8s, utilisation ou divulgation non autoris\u00e9s.<\/p>\n<ol start=\"6\">\n<li><strong>Cookies<\/strong><\/li>\n<\/ol>\n<p>Notre site web utilise des cookies pour am\u00e9liorer votre exp\u00e9rience utilisateur et pour comprendre comment les utilisateurs utilisent notre site web. Les cookies sont de petits fichiers texte stock\u00e9s sur votre ordinateur ou votre appareil mobile lorsque vous utilisez notre site web. Vous pouvez d\u00e9sactiver les cookies en modifiant les param\u00e8tres de votre navigateur web. Veuillez noter que si vous d\u00e9sactivez les cookies, certaines fonctionnalit\u00e9s de notre site web peuvent ne pas fonctionner correctement.<\/p>\n<ol start=\"7\">\n<li><strong>Droits des personnes concern\u00e9es<\/strong><\/li>\n<\/ol>\n<p>Vous avez le droit de demander l&#8217;acc\u00e8s, la rectification, la suppression ou la portabilit\u00e9 de vos donn\u00e9es \u00e0 caract\u00e8re personnel que nous avons collect\u00e9es. Vous avez \u00e9galement le droit de retirer votre consentement \u00e0 tout moment si nous avons utilis\u00e9 vos donn\u00e9es \u00e0 caract\u00e8re personnel avec votre consentement. Vous pouvez exercer ces droits en nous contactant \u00e0 l&#8217;adresse e-mail ou postale indiqu\u00e9e ci-dessous.<\/p>\n<ol start=\"8\">\n<li><strong>Modifications de la politique de confidentialit\u00e9<\/strong><\/li>\n<\/ol>\n<p>Nous nous r\u00e9servons le droit de modifier cette politique de confidentialit\u00e9 \u00e0 tout moment en publiant une version mise \u00e0 jour sur notre site web. Nous vous encourageons \u00e0 consulter r\u00e9guli\u00e8rement notre politique de confidentialit\u00e9 pour \u00eatre inform\u00e9 des modifications \u00e9ventuelles.<\/p>\n<ol start=\"9\">\n<li><strong>Contact<\/strong><\/li>\n<\/ol>\n<p>Si vous avez des questions sur cette politique de confidentialit\u00e9 ou si vous souhaitez exercer vos droits en mati\u00e8re de protection des donn\u00e9es, veuillez nous contacter \u00e0 l&#8217;adresse e-mail ou postale suivante :<\/p>\n<p>Global Decision Consulting (GDC)<\/p>\n<p>32 Boulevard Du Port, 95000, Cergy, France<\/p>\n<p><a href=\"mailto:dpo@gdc-sense.com\">dpo@gdc-sense.com<\/a><\/p>\n<p>+33 (0) 1 84 24 48 43<\/p>\n<p>Date d&#8217;entr\u00e9e en vigueur : 19\/02\/2023<\/p>\n\t\t\t\t\t\t\t\t<\/div>\n\t\t\t\t<\/div>\n\t\t\t\t\t<\/div>\n\t\t<\/div>\n\t\t\t\t\t<\/div>\n\t\t<\/section>\n\t\t\t\t<\/div>\n\t\t","protected":false},"excerpt":{"rendered":"<p>Politique de confidentialit\u00e9 Introduction Nous attachons une grande importance \u00e0 la confidentialit\u00e9 et \u00e0 la protection des donn\u00e9es \u00e0 caract\u00e8re personnel de nos utilisateurs. Cette politique de confidentialit\u00e9 explique comment nous collectons, utilisons et prot\u00e9geons les donn\u00e9es \u00e0 caract\u00e8re personnel que nous recueillons lorsque vous utilisez notre site web. Nous respectons les lois applicables en<\/p>\n","protected":false},"author":1,"featured_media":0,"parent":0,"menu_order":0,"comment_status":"closed","ping_status":"closed","template":"","meta":{"footnotes":""},"class_list":["post-19256","page","type-page","status-publish","hentry"],"aioseo_notices":[],"_links":{"self":[{"href":"https:\/\/gdc-sense.com\/index.php?rest_route=\/wp\/v2\/pages\/19256","targetHints":{"allow":["GET"]}}],"collection":[{"href":"https:\/\/gdc-sense.com\/index.php?rest_route=\/wp\/v2\/pages"}],"about":[{"href":"https:\/\/gdc-sense.com\/index.php?rest_route=\/wp\/v2\/types\/page"}],"author":[{"embeddable":true,"href":"https:\/\/gdc-sense.com\/index.php?rest_route=\/wp\/v2\/users\/1"}],"replies":[{"embeddable":true,"href":"https:\/\/gdc-sense.com\/index.php?rest_route=%2Fwp%2Fv2%2Fcomments&post=19256"}],"version-history":[{"count":25,"href":"https:\/\/gdc-sense.com\/index.php?rest_route=\/wp\/v2\/pages\/19256\/revisions"}],"predecessor-version":[{"id":19283,"href":"https:\/\/gdc-sense.com\/index.php?rest_route=\/wp\/v2\/pages\/19256\/revisions\/19283"}],"wp:attachment":[{"href":"https:\/\/gdc-sense.com\/index.php?rest_route=%2Fwp%2Fv2%2Fmedia&parent=19256"}],"curies":[{"name":"wp","href":"https:\/\/api.w.org\/{rel}","templated":true}]}}