{"id":11520,"date":"2021-09-20T11:26:36","date_gmt":"2021-09-20T11:26:36","guid":{"rendered":"https:\/\/gdc-sense.com\/?page_id=11520"},"modified":"2021-11-12T17:20:37","modified_gmt":"2021-11-12T17:20:37","slug":"nouvelles","status":"publish","type":"page","link":"https:\/\/gdc-sense.com\/?page_id=11520","title":{"rendered":"Nouvelles"},"content":{"rendered":"\t\t<div data-elementor-type=\"wp-page\" data-elementor-id=\"11520\" class=\"elementor elementor-11520\">\n\t\t\t\t\t\t<section class=\"elementor-section elementor-top-section elementor-element elementor-element-32c098f elementor-section-stretched elementor-section-boxed elementor-section-height-default elementor-section-height-default\" data-id=\"32c098f\" data-element_type=\"section\" data-e-type=\"section\" data-settings=\"{&quot;background_background&quot;:&quot;classic&quot;,&quot;stretch_section&quot;:&quot;section-stretched&quot;}\">\n\t\t\t\t\t\t<div class=\"elementor-container elementor-column-gap-default\">\n\t\t\t\t\t<div class=\"elementor-column elementor-col-100 elementor-top-column elementor-element elementor-element-bbbfcba\" data-id=\"bbbfcba\" data-element_type=\"column\" data-e-type=\"column\">\n\t\t\t<div class=\"elementor-widget-wrap elementor-element-populated\">\n\t\t\t\t\t\t<div class=\"elementor-element elementor-element-7b8fede elementor-widget elementor-widget-vc_custom_heading\" data-id=\"7b8fede\" data-element_type=\"widget\" data-e-type=\"widget\" data-widget_type=\"vc_custom_heading.default\">\n\t\t\t\t<div class=\"elementor-widget-container\">\n\t\t\t\t\t<div class=\" vc_custom_heading  consulting_heading_font  text_align_left has_subtitle\" ><h1 style=\"color: #FFFFFF;text-align: left\" class=\"consulting-custom-title\">Les nouvelles du cabinet\n<span class=\"subtitle\" style=\"color:#FFFFFF\">Ne ratez rien de nos \u00e9ditions th\u00e9matiques r\u00e9digez par nos experts et strat\u00e8ges.  <\/span><\/h1><\/div>\t\t\t\t<\/div>\n\t\t\t\t<\/div>\n\t\t\t\t\t<\/div>\n\t\t<\/div>\n\t\t\t\t\t<\/div>\n\t\t<\/section>\n\t\t\t\t<section class=\"elementor-section elementor-top-section elementor-element elementor-element-9788d54 elementor-section-boxed elementor-section-height-default elementor-section-height-default\" data-id=\"9788d54\" data-element_type=\"section\" data-e-type=\"section\">\n\t\t\t\t\t\t<div class=\"elementor-container elementor-column-gap-default\">\n\t\t\t\t\t<div class=\"elementor-column elementor-col-100 elementor-top-column elementor-element elementor-element-978956c\" data-id=\"978956c\" data-element_type=\"column\" data-e-type=\"column\">\n\t\t\t<div class=\"elementor-widget-wrap elementor-element-populated\">\n\t\t\t\t\t\t<div class=\"elementor-element elementor-element-74d7918 elementor-widget elementor-widget-stm_news\" data-id=\"74d7918\" data-element_type=\"widget\" data-e-type=\"widget\" data-widget_type=\"stm_news.default\">\n\t\t\t\t<div class=\"elementor-widget-container\">\n\t\t\t\t\t\n\n    <div class=\"stm_news  consulting_elementor_posts\">\n        <ul class=\"news_list posts_per_row_ news-masonry\">\n\n            \n                                                                    <li class=\"view_style_4 news_item\">\n                        <div class=\"post_item\">\n                            <a href=\"https:\/\/gdc-sense.com\/?p=21426\" class=\"image\">\n                                <div class=\"post_date third_bg_color base_font_color\">\n                                    12\/06\/2023                                <\/div>\n                                <img src='https:\/\/gdc-sense.com\/wp-content\/uploads\/elementor\/thumbs\/mdm-and-SIO-qgfikqg3wlflfhweurn310gicz562vtpbmnbwk0ypw.png' alt='' \/>                                <h5>Master Data Management et  les Syst\u00e8mes d&#8217;Information Op\u00e9rationnels.<\/h5>\n                            <\/a>\n                        <\/div>\n                    <\/li>\n                                \n            \n                                                                    <li class=\"view_style_4 news_item\">\n                        <div class=\"post_item\">\n                            <a href=\"https:\/\/gdc-sense.com\/?p=13390\" class=\"image\">\n                                <div class=\"post_date third_bg_color base_font_color\">\n                                    12\/01\/2023                                <\/div>\n                                <img src='https:\/\/gdc-sense.com\/wp-content\/uploads\/elementor\/thumbs\/Strat-01-q9hlrebv8yujpmydgxy6ctlkbxrqrkm4xhhro3fhku.png' alt='' \/>                                <h5>Master Data Management : Un Levier Strat\u00e9gique pour les Entreprises Modernes<\/h5>\n                            <\/a>\n                        <\/div>\n                    <\/li>\n                                \n                    <\/ul>\n    <\/div>\n\n<script type=\"text\/javascript\">\n    jQuery(document).ready(function ($) {\n        var $container = $(\".stm_news .news_list.news-masonry\");\n        var originLeft = true;\n        if ($(\"body\").hasClass(\"rtl\")) {\n            originLeft = false;\n        }\n        $container.isotope({\n            layoutMode: \"packery\",\n            itemSelector: \".news_item.view_style_4\",\n            transitionDuration: \"0.7s\",\n            gutter: 10,\n            isOriginLeft: originLeft,\n        });\n        $container.imagesLoaded().progress(function () {\n            $container.isotope(\"layout\");\n        });\n        $container.isotope(\"layout\");\n\n    });\n<\/script>\n\t\t\t\t<\/div>\n\t\t\t\t<\/div>\n\t\t\t\t\t<\/div>\n\t\t<\/div>\n\t\t\t\t\t<\/div>\n\t\t<\/section>\n\t\t\t\t<\/div>\n\t\t","protected":false},"excerpt":{"rendered":"<p>Les nouvelles du cabinet Ne ratez rien de nos \u00e9ditions th\u00e9matiques r\u00e9digez par nos experts et strat\u00e8ges. 11\/10\/2021 Charg\u00e9(e) de d\u00e9veloppement commercial &#8211; alternance (H\/F) 09\/27\/2021 Data Governance, Pourquoi et Comment ? 09\/27\/2021 La strat\u00e9gie data, levier incontournable de la performance des organisations. 09\/27\/2021 La data, un acc\u00e9l\u00e9rateur d&#8217;innovation pour les services publics. 09\/27\/2021 G\u00e9omarketing<\/p>\n","protected":false},"author":1,"featured_media":0,"parent":0,"menu_order":0,"comment_status":"closed","ping_status":"closed","template":"","meta":{"footnotes":""},"class_list":["post-11520","page","type-page","status-publish","hentry"],"aioseo_notices":[],"_links":{"self":[{"href":"https:\/\/gdc-sense.com\/index.php?rest_route=\/wp\/v2\/pages\/11520","targetHints":{"allow":["GET"]}}],"collection":[{"href":"https:\/\/gdc-sense.com\/index.php?rest_route=\/wp\/v2\/pages"}],"about":[{"href":"https:\/\/gdc-sense.com\/index.php?rest_route=\/wp\/v2\/types\/page"}],"author":[{"embeddable":true,"href":"https:\/\/gdc-sense.com\/index.php?rest_route=\/wp\/v2\/users\/1"}],"replies":[{"embeddable":true,"href":"https:\/\/gdc-sense.com\/index.php?rest_route=%2Fwp%2Fv2%2Fcomments&post=11520"}],"version-history":[{"count":42,"href":"https:\/\/gdc-sense.com\/index.php?rest_route=\/wp\/v2\/pages\/11520\/revisions"}],"predecessor-version":[{"id":17237,"href":"https:\/\/gdc-sense.com\/index.php?rest_route=\/wp\/v2\/pages\/11520\/revisions\/17237"}],"wp:attachment":[{"href":"https:\/\/gdc-sense.com\/index.php?rest_route=%2Fwp%2Fv2%2Fmedia&parent=11520"}],"curies":[{"name":"wp","href":"https:\/\/api.w.org\/{rel}","templated":true}]}}